{"id":2,"date":"2011-12-16T22:21:16","date_gmt":"2011-12-16T21:21:16","guid":{"rendered":"http:\/\/www.sonjaleichter.de\/wordpress\/?page_id=2"},"modified":"2017-10-02T13:49:08","modified_gmt":"2017-10-02T11:49:08","slug":"sample-page","status":"publish","type":"page","link":"https:\/\/www.sonjaleichter.de\/?page_id=2","title":{"rendered":"\u00dcber Sonja | About Sonja"},"content":{"rendered":"<p><a href=\"http:\/\/www.sonjaleichter.de\/wp-content\/uploads\/2011\/12\/IMG_7008.jpg\"><img loading=\"lazy\" class=\"alignleft size-medium wp-image-155\" src=\"http:\/\/www.sonjaleichter.de\/wp-content\/uploads\/2011\/12\/IMG_7008-300x200.jpg\" alt=\"Sonja\" width=\"300\" height=\"200\" srcset=\"https:\/\/www.sonjaleichter.de\/wp-content\/uploads\/2011\/12\/IMG_7008-300x200.jpg 300w, https:\/\/www.sonjaleichter.de\/wp-content\/uploads\/2011\/12\/IMG_7008-1024x682.jpg 1024w, https:\/\/www.sonjaleichter.de\/wp-content\/uploads\/2011\/12\/IMG_7008-640x426.jpg 640w, https:\/\/www.sonjaleichter.de\/wp-content\/uploads\/2011\/12\/IMG_7008-780x520.jpg 780w\" sizes=\"(max-width: 300px) 100vw, 300px\" \/><\/a><\/p>\n<p>&nbsp;<\/p>\n<p>Mein Name ist Sonja Brundert. Ich bin Jahrgang 1984, bin verheiratet und Mutter einer kleinen Tochter (2015).<\/p>\n<p>Ich <strong>male<\/strong> seit meiner Kindheit und habe im Laufe der letzten Jahre kontinuierlich verschiedene Techniken, Stile und Materialien ausprobiert. \u00dcber die Kreide und \u00d6lfarben kam ich letztlich zur \u00a0Acrylmalerei, da diese eine sehr breite Auswahl an verschiedenen Untergr\u00fcnden, Mischtechniken und zum collagieren bietet. Hier kann ich meiner Kreativit\u00e4t freien Lauf lassen. Meist male ich auf Leinwand, hin und wieder verarbeite ich auch Papier(-reste) zu interessanten Gru\u00dfkarten. Neuerdings verbinde ich kalligrafische Ans\u00e4tze mit Aquarelltechnik zu interessanten Karten, gerahmten Spr\u00fcchen etc.<\/p>\n<p>Die <strong>Photographie<\/strong>\u00a0ist seit 2009 ebenfalls ein leidenschaftliches Hobby, das ich mir teils autodidaktisch, teils mittels einiger Kurse angeeignet habe. Ich bin Canon-Anh\u00e4nger und fotografiere mit einer Canon EOS EOS 60D. Ich liebe meine 50mm 1,8 Festbrennweite mit der ich meist Portraits fotografiere. Letzteres ist neben der Landschafts- und Reisefotografie zu meinem liebsten Motiven geworden. Stimmungen, Pers\u00f6nlichkeiten und Momente festzuhalten macht mir unglaublich viel Spa\u00df. Ich probiere und experimentiere gerne und versuche ohne viel k\u00fcnstliches ge-\u00a0&#8220;pose&#8221; authentische Portraits festzuhalten. Der Blick f\u00fcrs Detail ist mir dabei genauso wichtig wie auf W\u00fcnsche einzugehen.<\/p>\n<p>Neben Malerei und Fotografie ist seit einigen Jahren auch <strong>Yoga<\/strong> eine gro\u00dfe Leidenschaft und Lebenseinstellung geworden und ich habe mir 2016 den Wunsch eines 200h-Teacher Trainings (AYA) erf\u00fcllt. Dieses habe ich\u00a0Flying Yogi, Hamburg absolviert. Seit dem wir im November 2016 in unser eigenes Haus gezogen sind praktiziere ich in unserem sch\u00f6nen Dachstudio und habe mir dort einen\u00a0Yoga-Raum eingerichtet in dem ich auch in kleinen, privaten Gruppen ein kraftvolles und kreatives Vinyasa-\/Power Yoga und auch ab und zu ein ausgleichendes\u00a0YIN-Yoga\u00a0unterrichte.\u00a0Ich besuche regelm\u00e4\u00dfig Workshops und Weiterbildungen in verschiedenen Richtungen.<\/p>\n<p>Preise f\u00fcr Bilder und Photographie-Auftr\u00e4ge auf Anfrage. Die Rechte aller Bilder und Photographien liegen bei der K\u00fcnstlerin und d\u00fcrfen ohne vorherige Absprache nicht vervielf\u00e4ltigt und\/oder ver\u00f6ffentlicht werden. Wedemark, Oktober 2017.<\/p>\n<p style=\"text-align: center;\">\n<p style=\"text-align: left;\">\n<p>Kontakt<\/p>\n<p><a href=\"http:\/\/www.sonjaleichter.de\/wp-content\/uploads\/2011\/12\/webkontakt.png\"><img loading=\"lazy\" class=\"alignnone size-full wp-image-84\" title=\"webkontakt\" src=\"http:\/\/www.sonjaleichter.de\/wp-content\/uploads\/2011\/12\/webkontakt.png\" alt=\"\" width=\"219\" height=\"22\" srcset=\"https:\/\/www.sonjaleichter.de\/wp-content\/uploads\/2011\/12\/webkontakt.png 219w, https:\/\/www.sonjaleichter.de\/wp-content\/uploads\/2011\/12\/webkontakt-215x22.png 215w\" sizes=\"(max-width: 219px) 100vw, 219px\" \/><\/a><\/p>\n<p>&nbsp;<\/p>\n<p>LINKS:<\/p>\n<p>http:\/\/atelierthadenstrasse.de\/<\/p>\n<p>http:\/\/www.flying-yogi.com\/<\/p>\n<p>&nbsp;<\/p>\n<p>&nbsp;<\/p>\n<p>&nbsp;<\/p>\n<p>&nbsp;<\/p>\n<p>&nbsp;<\/p>\n","protected":false},"excerpt":{"rendered":"<p>&nbsp; Mein Name ist Sonja Brundert. Ich bin Jahrgang 1984, bin verheiratet und Mutter einer kleinen Tochter (2015). Ich male seit meiner Kindheit und habe im Laufe der letzten Jahre kontinuierlich verschiedene Techniken, Stile und Materialien ausprobiert. \u00dcber die Kreide und \u00d6lfarben kam ich letztlich zur \u00a0Acrylmalerei, da diese eine sehr breite Auswahl an verschiedenen [&hellip;]<\/p>\n","protected":false},"author":1,"featured_media":0,"parent":0,"menu_order":0,"comment_status":"closed","ping_status":"closed","template":"","meta":{"ngg_post_thumbnail":0},"_links":{"self":[{"href":"https:\/\/www.sonjaleichter.de\/index.php?rest_route=\/wp\/v2\/pages\/2"}],"collection":[{"href":"https:\/\/www.sonjaleichter.de\/index.php?rest_route=\/wp\/v2\/pages"}],"about":[{"href":"https:\/\/www.sonjaleichter.de\/index.php?rest_route=\/wp\/v2\/types\/page"}],"author":[{"embeddable":true,"href":"https:\/\/www.sonjaleichter.de\/index.php?rest_route=\/wp\/v2\/users\/1"}],"replies":[{"embeddable":true,"href":"https:\/\/www.sonjaleichter.de\/index.php?rest_route=%2Fwp%2Fv2%2Fcomments&post=2"}],"version-history":[{"count":26,"href":"https:\/\/www.sonjaleichter.de\/index.php?rest_route=\/wp\/v2\/pages\/2\/revisions"}],"predecessor-version":[{"id":988,"href":"https:\/\/www.sonjaleichter.de\/index.php?rest_route=\/wp\/v2\/pages\/2\/revisions\/988"}],"wp:attachment":[{"href":"https:\/\/www.sonjaleichter.de\/index.php?rest_route=%2Fwp%2Fv2%2Fmedia&parent=2"}],"curies":[{"name":"wp","href":"https:\/\/api.w.org\/{rel}","templated":true}]}}